{"id":13,"date":"2025-03-17T11:31:21","date_gmt":"2025-03-17T11:31:21","guid":{"rendered":"https:\/\/barsakan.rkinformatika.online\/?page_id=13"},"modified":"2025-04-05T14:27:14","modified_gmt":"2025-04-05T14:27:14","slug":"inicio","status":"publish","type":"page","link":"https:\/\/barotxar.es\/eu\/","title":{"rendered":"Hasiera"},"content":{"rendered":"<div data-elementor-type=\"wp-page\" data-elementor-id=\"13\" class=\"elementor elementor-13\" data-elementor-post-type=\"page\">\n\t\t\t\t<div class=\"elementor-element elementor-element-70bea88 e-flex e-con-boxed e-con e-parent\" data-id=\"70bea88\" data-element_type=\"container\" data-e-type=\"container\" data-settings=\"{&quot;background_background&quot;:&quot;classic&quot;}\">\n\t\t\t\t\t<div class=\"e-con-inner\">\n\t\t\t\t\t<\/div>\n\t\t\t\t<\/div>\n\t\t<div class=\"elementor-element elementor-element-63a821a e-flex e-con-boxed e-con e-parent\" data-id=\"63a821a\" data-element_type=\"container\" data-e-type=\"container\">\n\t\t\t\t\t<div class=\"e-con-inner\">\n\t\t\t\t<div class=\"elementor-element elementor-element-3362ed2 elementor-widget elementor-widget-heading\" data-id=\"3362ed2\" data-element_type=\"widget\" data-e-type=\"widget\" data-widget_type=\"heading.default\">\n\t\t\t\t<div class=\"elementor-widget-container\">\n\t\t\t\t\t<h2 class=\"elementor-heading-title elementor-size-default\">Guri buruz<\/h2>\t\t\t\t<\/div>\n\t\t\t\t<\/div>\n\t\t\t\t\t<\/div>\n\t\t\t\t<\/div>\n\t\t<div class=\"elementor-element elementor-element-a0b9f84 e-flex e-con-boxed e-con e-parent\" data-id=\"a0b9f84\" data-element_type=\"container\" data-e-type=\"container\">\n\t\t\t\t\t<div class=\"e-con-inner\">\n\t\t<div class=\"elementor-element elementor-element-6d2f87a e-con-full e-flex e-con e-child\" data-id=\"6d2f87a\" data-element_type=\"container\" data-e-type=\"container\">\n\t\t\t\t<div class=\"elementor-element elementor-element-1622169 elementor-widget elementor-widget-image\" data-id=\"1622169\" data-element_type=\"widget\" data-e-type=\"widget\" data-widget_type=\"image.default\">\n\t\t\t\t<div class=\"elementor-widget-container\">\n\t\t\t\t\t\t\t\t\t\t\t\t\t\t\t<img fetchpriority=\"high\" decoding=\"async\" width=\"880\" height=\"1080\" src=\"https:\/\/barotxar.es\/wp-content\/uploads\/2025\/04\/inicio.png\" class=\"attachment-full size-full wp-image-344\" alt=\"\" srcset=\"https:\/\/barotxar.es\/wp-content\/uploads\/2025\/04\/inicio.png 880w, https:\/\/barotxar.es\/wp-content\/uploads\/2025\/04\/inicio-244x300.png 244w, https:\/\/barotxar.es\/wp-content\/uploads\/2025\/04\/inicio-834x1024.png 834w, https:\/\/barotxar.es\/wp-content\/uploads\/2025\/04\/inicio-768x943.png 768w, https:\/\/barotxar.es\/wp-content\/uploads\/2025\/04\/inicio-10x12.png 10w\" sizes=\"(max-width: 880px) 100vw, 880px\" \/>\t\t\t\t\t\t\t\t\t\t\t\t\t\t\t<\/div>\n\t\t\t\t<\/div>\n\t\t\t\t<\/div>\n\t\t<div class=\"elementor-element elementor-element-eb3ef82 e-con-full e-flex e-con e-child\" data-id=\"eb3ef82\" data-element_type=\"container\" data-e-type=\"container\" data-settings=\"{&quot;background_background&quot;:&quot;classic&quot;}\">\n\t\t\t\t<div class=\"elementor-element elementor-element-692f67e elementor-widget elementor-widget-heading\" data-id=\"692f67e\" data-element_type=\"widget\" data-e-type=\"widget\" data-widget_type=\"heading.default\">\n\t\t\t\t<div class=\"elementor-widget-container\">\n\t\t\t\t\t<h2 class=\"elementor-heading-title elementor-size-default\">Kafe Geltoki \u2013 Otxarkoagako klasiko bat<\/h2>\t\t\t\t<\/div>\n\t\t\t\t<\/div>\n\t\t\t\t<div class=\"elementor-element elementor-element-3775c26 elementor-widget elementor-widget-text-editor\" data-id=\"3775c26\" data-element_type=\"widget\" data-e-type=\"widget\" data-widget_type=\"text-editor.default\">\n\t\t\t\t<div class=\"elementor-widget-container\">\n\t\t\t\t\t\t\t\t\t<p class=\"\" data-start=\"157\" data-end=\"458\">Otxarkoaga auzoaren bihotzean, Cafe Geltoki taberna\/kafetegi bat baino askoz gehiago da: auzoaren historiaren parte da. 40 urte baino gehiago bezero belaunaldiei zerbitzatzen, betiko pasio berarekin jarraitzen dugu: tratu hurbila, giro abegitsua eta ahalik eta zerbitzurik onena eskaintzea.<\/p><p class=\"\" data-start=\"460\" data-end=\"659\">Goizeko kaferako, arratsalde erdiko pintxorako edo lagunen arteko solasaldirako, Cafe Geltokin beti aurkituko duzu irribarre bat eta hamarkadetan zehar izan dugun benetako zapore hori.<\/p><p class=\"\" data-start=\"661\" data-end=\"716\">Betiko moduan, betiko etxean izango gaituzu zain.<\/p>\t\t\t\t\t\t\t\t<\/div>\n\t\t\t\t<\/div>\n\t\t\t\t<div class=\"elementor-element elementor-element-d7bac45 elementor-widget elementor-widget-heading\" data-id=\"d7bac45\" data-element_type=\"widget\" data-e-type=\"widget\" data-widget_type=\"heading.default\">\n\t\t\t\t<div class=\"elementor-widget-container\">\n\t\t\t\t\t<h2 class=\"elementor-heading-title elementor-size-default\">Zergatik aukeratu?<\/h2>\t\t\t\t<\/div>\n\t\t\t\t<\/div>\n\t\t\t\t<div class=\"elementor-element elementor-element-6ca0009 elementor-align-start elementor-icon-list--layout-traditional elementor-list-item-link-full_width elementor-widget elementor-widget-icon-list\" data-id=\"6ca0009\" data-element_type=\"widget\" data-e-type=\"widget\" data-widget_type=\"icon-list.default\">\n\t\t\t\t<div class=\"elementor-widget-container\">\n\t\t\t\t\t\t\t<ul class=\"elementor-icon-list-items\">\n\t\t\t\t\t\t\t<li class=\"elementor-icon-list-item\">\n\t\t\t\t\t\t\t\t\t\t\t<span class=\"elementor-icon-list-icon\">\n\t\t\t\t\t\t\t<svg aria-hidden=\"true\" class=\"e-font-icon-svg e-fas-glass-martini-alt\" viewbox=\"0 0 512 512\" xmlns=\"http:\/\/www.w3.org\/2000\/svg\"><path d=\"M502.05 57.6C523.3 36.34 508.25 0 478.2 0H33.8C3.75 0-11.3 36.34 9.95 57.6L224 271.64V464h-56c-22.09 0-40 17.91-40 40 0 4.42 3.58 8 8 8h240c4.42 0 8-3.58 8-8 0-22.09-17.91-40-40-40h-56V271.64L502.05 57.6zM443.77 48l-48 48H116.24l-48-48h375.53z\"><\/path><\/svg>\t\t\t\t\t\t<\/span>\n\t\t\t\t\t\t\t\t\t\t<span class=\"elementor-icon-list-text\">Tradiziozko eta zerbitzu oneko lauurteko baino gehiago.<\/span>\n\t\t\t\t\t\t\t\t\t<\/li>\n\t\t\t\t\t\t\t\t<li class=\"elementor-icon-list-item\">\n\t\t\t\t\t\t\t\t\t\t\t<span class=\"elementor-icon-list-icon\">\n\t\t\t\t\t\t\t<svg aria-hidden=\"true\" class=\"e-font-icon-svg e-fas-glass-martini-alt\" viewbox=\"0 0 512 512\" xmlns=\"http:\/\/www.w3.org\/2000\/svg\"><path d=\"M502.05 57.6C523.3 36.34 508.25 0 478.2 0H33.8C3.75 0-11.3 36.34 9.95 57.6L224 271.64V464h-56c-22.09 0-40 17.91-40 40 0 4.42 3.58 8 8 8h240c4.42 0 8-3.58 8-8 0-22.09-17.91-40-40-40h-56V271.64L502.05 57.6zM443.77 48l-48 48H116.24l-48-48h375.53z\"><\/path><\/svg>\t\t\t\t\t\t<\/span>\n\t\t\t\t\t\t\t\t\t\t<span class=\"elementor-icon-list-text\">Produktu freskoak eta kalitatezkoak, arreta handiz prestatuak.<\/span>\n\t\t\t\t\t\t\t\t\t<\/li>\n\t\t\t\t\t\t\t\t<li class=\"elementor-icon-list-item\">\n\t\t\t\t\t\t\t\t\t\t\t<span class=\"elementor-icon-list-icon\">\n\t\t\t\t\t\t\t<svg aria-hidden=\"true\" class=\"e-font-icon-svg e-fas-glass-martini-alt\" viewbox=\"0 0 512 512\" xmlns=\"http:\/\/www.w3.org\/2000\/svg\"><path d=\"M502.05 57.6C523.3 36.34 508.25 0 478.2 0H33.8C3.75 0-11.3 36.34 9.95 57.6L224 271.64V464h-56c-22.09 0-40 17.91-40 40 0 4.42 3.58 8 8 8h240c4.42 0 8-3.58 8-8 0-22.09-17.91-40-40-40h-56V271.64L502.05 57.6zM443.77 48l-48 48H116.24l-48-48h375.53z\"><\/path><\/svg>\t\t\t\t\t\t<\/span>\n\t\t\t\t\t\t\t\t\t\t<span class=\"elementor-icon-list-text\">Atseginez eta begikotasunez artatzen zaituen taldea.<\/span>\n\t\t\t\t\t\t\t\t\t<\/li>\n\t\t\t\t\t\t<\/ul>\n\t\t\t\t\t\t<\/div>\n\t\t\t\t<\/div>\n\t\t\t\t<div class=\"elementor-element elementor-element-1c6d484 elementor-widget elementor-widget-text-editor\" data-id=\"1c6d484\" data-element_type=\"widget\" data-e-type=\"widget\" data-widget_type=\"text-editor.default\">\n\t\t\t\t<div class=\"elementor-widget-container\">\n\t\t\t\t\t\t\t\t\t<p class=\"\" data-start=\"184\" data-end=\"381\">Geltoki kafetegian, kafea, pintxoak eta janari ona zerbitzatzeaz gain, uneak ere partekatzen ditugu. Otxarkoagan 40 urte baino gehiagoko historia izanik, etxean bezala sentitzen zaren betiko leku hori gara.<\/p><p class=\"\" data-start=\"383\" data-end=\"547\">Zatoz ezagutzera zergatik esaten duten gure bezeroek hemen gosaltzen dela eta etxean baino hobeto jaten dela. Zain izango gaituzu besoak zabalik eta kafe-makina beti prest!<\/p>\t\t\t\t\t\t\t\t<\/div>\n\t\t\t\t<\/div>\n\t\t\t\t<\/div>\n\t\t\t\t\t<\/div>\n\t\t\t\t<\/div>\n\t\t\t\t<\/div>","protected":false},"excerpt":{"rendered":"<p>Sobre nosotros Caf\u00e9 Geltoki \u2013 Un cl\u00e1sico de Otxarkoaga En el coraz\u00f3n del barrio de Otxarkoaga, Caf\u00e9 Geltoki es mucho m\u00e1s que un bar\/cafeter\u00eda: es parte de la historia del vecindario. Con m\u00e1s de 40 a\u00f1os sirviendo a generaciones de clientes, seguimos con la misma pasi\u00f3n de siempre: ofrecer un trato cercano, un ambiente acogedor [&hellip;]<\/p>\n","protected":false},"author":1,"featured_media":0,"parent":0,"menu_order":0,"comment_status":"closed","ping_status":"closed","template":"elementor_canvas","meta":{"footnotes":""},"class_list":["post-13","page","type-page","status-publish","hentry"],"yoast_head":"<!-- This site is optimized with the Yoast SEO plugin v27.3 - https:\/\/yoast.com\/product\/yoast-seo-wordpress\/ -->\n<title>Inicio - Bar Otxar<\/title>\n<meta name=\"robots\" content=\"index, follow, max-snippet:-1, max-image-preview:large, max-video-preview:-1\" \/>\n<link rel=\"canonical\" href=\"https:\/\/barotxar.es\/eu\/\" \/>\n<meta property=\"og:locale\" content=\"en_US\" \/>\n<meta property=\"og:type\" content=\"article\" \/>\n<meta property=\"og:title\" content=\"Inicio - Bar Otxar\" \/>\n<meta property=\"og:description\" content=\"Sobre nosotros Caf\u00e9 Geltoki \u2013 Un cl\u00e1sico de Otxarkoaga En el coraz\u00f3n del barrio de Otxarkoaga, Caf\u00e9 Geltoki es mucho m\u00e1s que un bar\/cafeter\u00eda: es parte de la historia del vecindario. Con m\u00e1s de 40 a\u00f1os sirviendo a generaciones de clientes, seguimos con la misma pasi\u00f3n de siempre: ofrecer un trato cercano, un ambiente acogedor [&hellip;]\" \/>\n<meta property=\"og:url\" content=\"https:\/\/barotxar.es\/eu\/\" \/>\n<meta property=\"og:site_name\" content=\"Bar Otxar\" \/>\n<meta property=\"article:modified_time\" content=\"2025-04-05T14:27:14+00:00\" \/>\n<meta property=\"og:image\" content=\"https:\/\/barotxar.es\/wp-content\/uploads\/2025\/04\/inicio.png\" \/>\n\t<meta property=\"og:image:width\" content=\"880\" \/>\n\t<meta property=\"og:image:height\" content=\"1080\" \/>\n\t<meta property=\"og:image:type\" content=\"image\/png\" \/>\n<meta name=\"twitter:card\" content=\"summary_large_image\" \/>\n<meta name=\"twitter:label1\" content=\"Est. reading time\" \/>\n\t<meta name=\"twitter:data1\" content=\"2 minutua\" \/>\n<script type=\"application\/ld+json\" class=\"yoast-schema-graph\">{\"@context\":\"https:\\\/\\\/schema.org\",\"@graph\":[{\"@type\":\"WebPage\",\"@id\":\"https:\\\/\\\/barotxar.es\\\/\",\"url\":\"https:\\\/\\\/barotxar.es\\\/\",\"name\":\"Inicio - Bar Otxar\",\"isPartOf\":{\"@id\":\"https:\\\/\\\/barotxar.es\\\/#website\"},\"primaryImageOfPage\":{\"@id\":\"https:\\\/\\\/barotxar.es\\\/#primaryimage\"},\"image\":{\"@id\":\"https:\\\/\\\/barotxar.es\\\/#primaryimage\"},\"thumbnailUrl\":\"https:\\\/\\\/barotxar.es\\\/wp-content\\\/uploads\\\/2025\\\/04\\\/inicio.png\",\"datePublished\":\"2025-03-17T11:31:21+00:00\",\"dateModified\":\"2025-04-05T14:27:14+00:00\",\"breadcrumb\":{\"@id\":\"https:\\\/\\\/barotxar.es\\\/#breadcrumb\"},\"inLanguage\":\"eu\",\"potentialAction\":[{\"@type\":\"ReadAction\",\"target\":[\"https:\\\/\\\/barotxar.es\\\/\"]}]},{\"@type\":\"ImageObject\",\"inLanguage\":\"eu\",\"@id\":\"https:\\\/\\\/barotxar.es\\\/#primaryimage\",\"url\":\"https:\\\/\\\/barotxar.es\\\/wp-content\\\/uploads\\\/2025\\\/04\\\/inicio.png\",\"contentUrl\":\"https:\\\/\\\/barotxar.es\\\/wp-content\\\/uploads\\\/2025\\\/04\\\/inicio.png\"},{\"@type\":\"BreadcrumbList\",\"@id\":\"https:\\\/\\\/barotxar.es\\\/#breadcrumb\",\"itemListElement\":[{\"@type\":\"ListItem\",\"position\":1,\"name\":\"Portada\",\"item\":\"https:\\\/\\\/barotxar.es\\\/\"},{\"@type\":\"ListItem\",\"position\":2,\"name\":\"Inicio\"}]},{\"@type\":\"WebSite\",\"@id\":\"https:\\\/\\\/barotxar.es\\\/#website\",\"url\":\"https:\\\/\\\/barotxar.es\\\/\",\"name\":\"Bar Otxar\",\"description\":\"\",\"potentialAction\":[{\"@type\":\"SearchAction\",\"target\":{\"@type\":\"EntryPoint\",\"urlTemplate\":\"https:\\\/\\\/barotxar.es\\\/?s={search_term_string}\"},\"query-input\":{\"@type\":\"PropertyValueSpecification\",\"valueRequired\":true,\"valueName\":\"search_term_string\"}}],\"inLanguage\":\"eu\"}]}<\/script>\n<!-- \/ Yoast SEO plugin. -->","yoast_head_json":{"title":"Inicio - Bar Otxar","robots":{"index":"index","follow":"follow","max-snippet":"max-snippet:-1","max-image-preview":"max-image-preview:large","max-video-preview":"max-video-preview:-1"},"canonical":"https:\/\/barotxar.es\/eu\/","og_locale":"en_US","og_type":"article","og_title":"Inicio - Bar Otxar","og_description":"Sobre nosotros Caf\u00e9 Geltoki \u2013 Un cl\u00e1sico de Otxarkoaga En el coraz\u00f3n del barrio de Otxarkoaga, Caf\u00e9 Geltoki es mucho m\u00e1s que un bar\/cafeter\u00eda: es parte de la historia del vecindario. Con m\u00e1s de 40 a\u00f1os sirviendo a generaciones de clientes, seguimos con la misma pasi\u00f3n de siempre: ofrecer un trato cercano, un ambiente acogedor [&hellip;]","og_url":"https:\/\/barotxar.es\/eu\/","og_site_name":"Bar Otxar","article_modified_time":"2025-04-05T14:27:14+00:00","og_image":[{"width":880,"height":1080,"url":"https:\/\/barotxar.es\/wp-content\/uploads\/2025\/04\/inicio.png","type":"image\/png"}],"twitter_card":"summary_large_image","twitter_misc":{"Est. reading time":"2 minutua"},"schema":{"@context":"https:\/\/schema.org","@graph":[{"@type":"WebPage","@id":"https:\/\/barotxar.es\/","url":"https:\/\/barotxar.es\/","name":"Inicio - Bar Otxar","isPartOf":{"@id":"https:\/\/barotxar.es\/#website"},"primaryImageOfPage":{"@id":"https:\/\/barotxar.es\/#primaryimage"},"image":{"@id":"https:\/\/barotxar.es\/#primaryimage"},"thumbnailUrl":"https:\/\/barotxar.es\/wp-content\/uploads\/2025\/04\/inicio.png","datePublished":"2025-03-17T11:31:21+00:00","dateModified":"2025-04-05T14:27:14+00:00","breadcrumb":{"@id":"https:\/\/barotxar.es\/#breadcrumb"},"inLanguage":"eu","potentialAction":[{"@type":"ReadAction","target":["https:\/\/barotxar.es\/"]}]},{"@type":"ImageObject","inLanguage":"eu","@id":"https:\/\/barotxar.es\/#primaryimage","url":"https:\/\/barotxar.es\/wp-content\/uploads\/2025\/04\/inicio.png","contentUrl":"https:\/\/barotxar.es\/wp-content\/uploads\/2025\/04\/inicio.png"},{"@type":"BreadcrumbList","@id":"https:\/\/barotxar.es\/#breadcrumb","itemListElement":[{"@type":"ListItem","position":1,"name":"Portada","item":"https:\/\/barotxar.es\/"},{"@type":"ListItem","position":2,"name":"Inicio"}]},{"@type":"WebSite","@id":"https:\/\/barotxar.es\/#website","url":"https:\/\/barotxar.es\/","name":"Bar Otxar","description":"","potentialAction":[{"@type":"SearchAction","target":{"@type":"EntryPoint","urlTemplate":"https:\/\/barotxar.es\/?s={search_term_string}"},"query-input":{"@type":"PropertyValueSpecification","valueRequired":true,"valueName":"search_term_string"}}],"inLanguage":"eu"}]}},"_links":{"self":[{"href":"https:\/\/barotxar.es\/eu\/wp-json\/wp\/v2\/pages\/13","targetHints":{"allow":["GET"]}}],"collection":[{"href":"https:\/\/barotxar.es\/eu\/wp-json\/wp\/v2\/pages"}],"about":[{"href":"https:\/\/barotxar.es\/eu\/wp-json\/wp\/v2\/types\/page"}],"author":[{"embeddable":true,"href":"https:\/\/barotxar.es\/eu\/wp-json\/wp\/v2\/users\/1"}],"replies":[{"embeddable":true,"href":"https:\/\/barotxar.es\/eu\/wp-json\/wp\/v2\/comments?post=13"}],"version-history":[{"count":95,"href":"https:\/\/barotxar.es\/eu\/wp-json\/wp\/v2\/pages\/13\/revisions"}],"predecessor-version":[{"id":372,"href":"https:\/\/barotxar.es\/eu\/wp-json\/wp\/v2\/pages\/13\/revisions\/372"}],"wp:attachment":[{"href":"https:\/\/barotxar.es\/eu\/wp-json\/wp\/v2\/media?parent=13"}],"curies":[{"name":"wp","href":"https:\/\/api.w.org\/{rel}","templated":true}]}}